{"id":115,"date":"2026-03-02T15:43:39","date_gmt":"2026-03-02T15:43:39","guid":{"rendered":"https:\/\/laboratorio.webcorporacion.com.ar\/?page_id=115"},"modified":"2026-03-03T16:32:59","modified_gmt":"2026-03-03T16:32:59","slug":"acreditaciones-y-calidad","status":"publish","type":"page","link":"https:\/\/laboratorio.webcorporacion.com.ar\/index.php\/acreditaciones-y-calidad\/","title":{"rendered":"Acreditaciones y calidad"},"content":{"rendered":"\t\t<div data-elementor-type=\"wp-page\" data-elementor-id=\"115\" class=\"elementor elementor-115\">\n\t\t\t\t<div class=\"elementor-element elementor-element-66c1a47 e-flex e-con-boxed e-con e-parent\" data-id=\"66c1a47\" data-element_type=\"container\" data-e-type=\"container\">\n\t\t\t\t\t<div class=\"e-con-inner\">\n\t\t\t\t<div class=\"elementor-element elementor-element-6d5d618 elementor-widget elementor-widget-hfe-breadcrumbs-widget\" data-id=\"6d5d618\" data-element_type=\"widget\" data-e-type=\"widget\" data-widget_type=\"hfe-breadcrumbs-widget.default\">\n\t\t\t\t<div class=\"elementor-widget-container\">\n\t\t\t\t\t<nav aria-label=\"Breadcrumb\"><ul class=\"hfe-breadcrumbs hfe-breadcrumbs-show-home\"><li class=\"hfe-breadcrumbs-item hfe-breadcrumbs-first\"><span class=\"hfe-breadcrumbs-home-icon\"><svg aria-hidden=\"true\" class=\"e-font-icon-svg e-fas-home\" viewBox=\"0 0 576 512\" xmlns=\"http:\/\/www.w3.org\/2000\/svg\"><path d=\"M280.37 148.26L96 300.11V464a16 16 0 0 0 16 16l112.06-.29a16 16 0 0 0 15.92-16V368a16 16 0 0 1 16-16h64a16 16 0 0 1 16 16v95.64a16 16 0 0 0 16 16.05L464 480a16 16 0 0 0 16-16V300L295.67 148.26a12.19 12.19 0 0 0-15.3 0zM571.6 251.47L488 182.56V44.05a12 12 0 0 0-12-12h-56a12 12 0 0 0-12 12v72.61L318.47 43a48 48 0 0 0-61 0L4.34 251.47a12 12 0 0 0-1.6 16.9l25.5 31A12 12 0 0 0 45.15 301l235.22-193.74a12.19 12.19 0 0 1 15.3 0L530.9 301a12 12 0 0 0 16.9-1.6l25.5-31a12 12 0 0 0-1.7-16.93z\"><\/path><\/svg><\/span><a href=\"https:\/\/laboratorio.webcorporacion.com.ar\"><span class=\"hfe-breadcrumbs-text\">Inicio<\/span><\/a><\/li><\/ul><\/nav>\t\t\t\t<\/div>\n\t\t\t\t<\/div>\n\t\t\t\t\t<\/div>\n\t\t\t\t<\/div>\n\t\t<div class=\"elementor-element elementor-element-8bf29cd e-grid e-con-boxed e-con e-parent\" data-id=\"8bf29cd\" data-element_type=\"container\" data-e-type=\"container\">\n\t\t\t\t\t<div class=\"e-con-inner\">\n\t\t<div class=\"elementor-element elementor-element-34bc1d7 e-con-full e-flex e-con e-child\" data-id=\"34bc1d7\" data-element_type=\"container\" data-e-type=\"container\">\n\t\t\t\t<div class=\"elementor-element elementor-element-4825777 elementor-widget elementor-widget-heading\" data-id=\"4825777\" data-element_type=\"widget\" data-e-type=\"widget\" data-widget_type=\"heading.default\">\n\t\t\t\t\t<h2 class=\"elementor-heading-title elementor-size-default\">Tu salud, respaldada por los m\u00e1s altos est\u00e1ndares nacionales.<\/h2>\t\t\t\t<\/div>\n\t\t\t\t<div class=\"elementor-element elementor-element-d9f8871 elementor-widget elementor-widget-text-editor\" data-id=\"d9f8871\" data-element_type=\"widget\" data-e-type=\"widget\" data-widget_type=\"text-editor.default\">\n\t\t\t\t\t\t\t\t\t<p>Operamos bajo procesos certificados por la Fundaci\u00f3n Bioqu\u00edmica Argentina, garantizando precisi\u00f3n y seguridad en cada resultado.<\/p>\t\t\t\t\t\t\t\t<\/div>\n\t\t\t\t<\/div>\n\t\t\t\t<div class=\"elementor-element elementor-element-59410b1 elementor-widget elementor-widget-image\" data-id=\"59410b1\" data-element_type=\"widget\" data-e-type=\"widget\" data-widget_type=\"image.default\">\n\t\t\t\t\t\t\t\t\t\t\t\t\t\t\t<img fetchpriority=\"high\" decoding=\"async\" width=\"800\" height=\"400\" src=\"https:\/\/laboratorio.webcorporacion.com.ar\/wp-content\/uploads\/2026\/03\/Sin-titulo-1_Mesa-de-trabajo-1-copia-2.jpg\" class=\"attachment-large size-large wp-image-118\" alt=\"\" srcset=\"https:\/\/laboratorio.webcorporacion.com.ar\/wp-content\/uploads\/2026\/03\/Sin-titulo-1_Mesa-de-trabajo-1-copia-2.jpg 1000w, https:\/\/laboratorio.webcorporacion.com.ar\/wp-content\/uploads\/2026\/03\/Sin-titulo-1_Mesa-de-trabajo-1-copia-2-300x150.jpg 300w, https:\/\/laboratorio.webcorporacion.com.ar\/wp-content\/uploads\/2026\/03\/Sin-titulo-1_Mesa-de-trabajo-1-copia-2-768x384.jpg 768w\" sizes=\"(max-width: 800px) 100vw, 800px\" \/>\t\t\t\t\t\t\t\t\t\t\t\t\t\t\t<\/div>\n\t\t\t\t\t<\/div>\n\t\t\t\t<\/div>\n\t\t<div class=\"elementor-element elementor-element-e83a515 e-grid e-con-boxed e-con e-parent\" data-id=\"e83a515\" data-element_type=\"container\" data-e-type=\"container\">\n\t\t\t\t\t<div class=\"e-con-inner\">\n\t\t<div class=\"elementor-element elementor-element-4e134a7 e-con-full e-flex e-con e-child\" data-id=\"4e134a7\" data-element_type=\"container\" data-e-type=\"container\">\n\t\t\t\t<div class=\"elementor-element elementor-element-e62e586 elementor-widget elementor-widget-image\" data-id=\"e62e586\" data-element_type=\"widget\" data-e-type=\"widget\" data-widget_type=\"image.default\">\n\t\t\t\t\t\t\t\t\t\t\t\t\t\t\t<img decoding=\"async\" width=\"300\" height=\"100\" src=\"https:\/\/laboratorio.webcorporacion.com.ar\/wp-content\/uploads\/2026\/03\/laboratorio-acreditado_Mesa-de-trabajo-1.jpg\" class=\"attachment-large size-large wp-image-187\" alt=\"\" \/>\t\t\t\t\t\t\t\t\t\t\t\t\t\t\t<\/div>\n\t\t\t\t<div class=\"elementor-element elementor-element-cac8c46 elementor-widget elementor-widget-text-editor\" data-id=\"cac8c46\" data-element_type=\"widget\" data-e-type=\"widget\" data-widget_type=\"text-editor.default\">\n\t\t\t\t\t\t\t\t\t<p>Nuestro laboratorio ha sido distinguido con el m\u00e1ximo reconocimiento de la Fundaci\u00f3n Bioqu\u00edmica Argentina al cumplir con la totalidad de las normas del Manual MA3.<\/p>\t\t\t\t\t\t\t\t<\/div>\n\t\t\t\t<\/div>\n\t\t<div class=\"elementor-element elementor-element-edb7033 e-con-full e-flex e-con e-child\" data-id=\"edb7033\" data-element_type=\"container\" data-e-type=\"container\">\n\t\t\t\t<div class=\"elementor-element elementor-element-b290144 elementor-widget elementor-widget-heading\" data-id=\"b290144\" data-element_type=\"widget\" data-e-type=\"widget\" data-widget_type=\"heading.default\">\n\t\t\t\t\t<h2 class=\"elementor-heading-title elementor-size-default\">\u00bfQu\u00e9 significa esto para usted?<\/h2>\t\t\t\t<\/div>\n\t\t\t\t<div class=\"elementor-element elementor-element-cd9a971 elementor-widget elementor-widget-heading\" data-id=\"cd9a971\" data-element_type=\"widget\" data-e-type=\"widget\" data-widget_type=\"heading.default\">\n\t\t\t\t\t<h5 class=\"elementor-heading-title elementor-size-default\">Precisi\u00f3n Diagn\u00f3stica<\/h5>\t\t\t\t<\/div>\n\t\t\t\t<div class=\"elementor-element elementor-element-a479bdd elementor-widget elementor-widget-text-editor\" data-id=\"a479bdd\" data-element_type=\"widget\" data-e-type=\"widget\" data-widget_type=\"text-editor.default\">\n\t\t\t\t\t\t\t\t\t<p>Procesos validados que aseguran resultados exactos.<\/p>\t\t\t\t\t\t\t\t<\/div>\n\t\t\t\t<div class=\"elementor-element elementor-element-5b67cfa elementor-widget elementor-widget-heading\" data-id=\"5b67cfa\" data-element_type=\"widget\" data-e-type=\"widget\" data-widget_type=\"heading.default\">\n\t\t\t\t\t<h5 class=\"elementor-heading-title elementor-size-default\">Seguridad del Paciente<\/h5>\t\t\t\t<\/div>\n\t\t\t\t<div class=\"elementor-element elementor-element-ba0c20c elementor-widget elementor-widget-text-editor\" data-id=\"ba0c20c\" data-element_type=\"widget\" data-e-type=\"widget\" data-widget_type=\"text-editor.default\">\n\t\t\t\t\t\t\t\t\t<p>Estrictos protocolos en la toma y manejo de muestras.<\/p>\t\t\t\t\t\t\t\t<\/div>\n\t\t\t\t<div class=\"elementor-element elementor-element-7d5d423 elementor-widget elementor-widget-heading\" data-id=\"7d5d423\" data-element_type=\"widget\" data-e-type=\"widget\" data-widget_type=\"heading.default\">\n\t\t\t\t\t<h5 class=\"elementor-heading-title elementor-size-default\">Excelencia Operativa<\/h5>\t\t\t\t<\/div>\n\t\t\t\t<div class=\"elementor-element elementor-element-7112b0c elementor-widget elementor-widget-text-editor\" data-id=\"7112b0c\" data-element_type=\"widget\" data-e-type=\"widget\" data-widget_type=\"text-editor.default\">\n\t\t\t\t\t\t\t\t\t<p>Estructura y equipamiento de vanguardia auditado externamente.<\/p>\t\t\t\t\t\t\t\t<\/div>\n\t\t\t\t<\/div>\n\t\t\t\t\t<\/div>\n\t\t\t\t<\/div>\n\t\t<div class=\"elementor-element elementor-element-52e67dd e-grid e-con-boxed e-con e-parent\" data-id=\"52e67dd\" data-element_type=\"container\" data-e-type=\"container\">\n\t\t\t\t\t<div class=\"e-con-inner\">\n\t\t<div class=\"elementor-element elementor-element-c1b499f e-con-full e-flex e-con e-child\" data-id=\"c1b499f\" data-element_type=\"container\" data-e-type=\"container\">\n\t\t\t\t<div class=\"elementor-element elementor-element-ac7ba44 elementor-widget elementor-widget-heading\" data-id=\"ac7ba44\" data-element_type=\"widget\" data-e-type=\"widget\" data-widget_type=\"heading.default\">\n\t\t\t\t\t<h2 class=\"elementor-heading-title elementor-size-default\">\u00bfQui\u00e9n nos avala?<\/h2>\t\t\t\t<\/div>\n\t\t\t\t<div class=\"elementor-element elementor-element-593ae49 elementor-widget elementor-widget-text-editor\" data-id=\"593ae49\" data-element_type=\"widget\" data-e-type=\"widget\" data-widget_type=\"text-editor.default\">\n\t\t\t\t\t\t\t\t\t<p><b data-path-to-node=\"17,0\" data-index-in-node=\"0\">Sobre la Fundaci\u00f3n Bioqu\u00edmica Argentina (FBA)<\/b> Es la entidad l\u00edder en Argentina reconocida por el Ministerio de Salud de la Naci\u00f3n para la evaluaci\u00f3n externa de instituciones de salud. Su certificaci\u00f3n tiene una validez de 4 a\u00f1os, lo que nos exige una mejora continua y auditor\u00edas constantes de nuestros procesos.<\/p>\t\t\t\t\t\t\t\t<\/div>\n\t\t\t\t<\/div>\n\t\t\t\t<div class=\"elementor-element elementor-element-a6eedae elementor-widget elementor-widget-image\" data-id=\"a6eedae\" data-element_type=\"widget\" data-e-type=\"widget\" data-widget_type=\"image.default\">\n\t\t\t\t\t\t\t\t\t\t\t\t\t\t\t<img decoding=\"async\" width=\"304\" height=\"166\" src=\"https:\/\/laboratorio.webcorporacion.com.ar\/wp-content\/uploads\/2026\/03\/images.png\" class=\"attachment-large size-large wp-image-119\" alt=\"\" srcset=\"https:\/\/laboratorio.webcorporacion.com.ar\/wp-content\/uploads\/2026\/03\/images.png 304w, https:\/\/laboratorio.webcorporacion.com.ar\/wp-content\/uploads\/2026\/03\/images-300x164.png 300w\" sizes=\"(max-width: 304px) 100vw, 304px\" \/>\t\t\t\t\t\t\t\t\t\t\t\t\t\t\t<\/div>\n\t\t<div class=\"elementor-element elementor-element-94c876f e-con-full e-flex e-con e-child\" data-id=\"94c876f\" data-element_type=\"container\" data-e-type=\"container\">\n\t\t\t\t<\/div>\n\t\t\t\t\t<\/div>\n\t\t\t\t<\/div>\n\t\t<div class=\"elementor-element elementor-element-26d714b e-flex e-con-boxed e-con e-parent\" data-id=\"26d714b\" data-element_type=\"container\" data-e-type=\"container\">\n\t\t\t\t\t<div class=\"e-con-inner\">\n\t\t\t\t\t<\/div>\n\t\t\t\t<\/div>\n\t\t\t\t<\/div>\n\t\t","protected":false},"excerpt":{"rendered":"<p>Inicio Tu salud, respaldada por los m\u00e1s altos est\u00e1ndares nacionales. Operamos bajo procesos certificados por la Fundaci\u00f3n Bioqu\u00edmica Argentina, garantizando precisi\u00f3n y seguridad en cada resultado. Nuestro laboratorio ha sido distinguido con el m\u00e1ximo reconocimiento de la Fundaci\u00f3n Bioqu\u00edmica Argentina al cumplir con la totalidad de las normas del Manual MA3. \u00bfQu\u00e9 significa esto para [&hellip;]<\/p>\n","protected":false},"author":1,"featured_media":0,"parent":0,"menu_order":0,"comment_status":"closed","ping_status":"closed","template":"","meta":{"footnotes":""},"class_list":["post-115","page","type-page","status-publish","hentry"],"_links":{"self":[{"href":"https:\/\/laboratorio.webcorporacion.com.ar\/index.php\/wp-json\/wp\/v2\/pages\/115","targetHints":{"allow":["GET"]}}],"collection":[{"href":"https:\/\/laboratorio.webcorporacion.com.ar\/index.php\/wp-json\/wp\/v2\/pages"}],"about":[{"href":"https:\/\/laboratorio.webcorporacion.com.ar\/index.php\/wp-json\/wp\/v2\/types\/page"}],"author":[{"embeddable":true,"href":"https:\/\/laboratorio.webcorporacion.com.ar\/index.php\/wp-json\/wp\/v2\/users\/1"}],"replies":[{"embeddable":true,"href":"https:\/\/laboratorio.webcorporacion.com.ar\/index.php\/wp-json\/wp\/v2\/comments?post=115"}],"version-history":[{"count":16,"href":"https:\/\/laboratorio.webcorporacion.com.ar\/index.php\/wp-json\/wp\/v2\/pages\/115\/revisions"}],"predecessor-version":[{"id":190,"href":"https:\/\/laboratorio.webcorporacion.com.ar\/index.php\/wp-json\/wp\/v2\/pages\/115\/revisions\/190"}],"wp:attachment":[{"href":"https:\/\/laboratorio.webcorporacion.com.ar\/index.php\/wp-json\/wp\/v2\/media?parent=115"}],"curies":[{"name":"wp","href":"https:\/\/api.w.org\/{rel}","templated":true}]}}